{"id":651,"date":"2012-09-26T14:43:03","date_gmt":"2012-09-26T12:43:03","guid":{"rendered":"http:\/\/www.lamarketeam.com\/blog\/?page_id=651"},"modified":"2013-04-27T15:30:08","modified_gmt":"2013-04-27T13:30:08","slug":"demander-un-article","status":"publish","type":"page","link":"https:\/\/www.lamarketeam.com\/blog\/demander-un-article\/","title":{"rendered":"Demander un article"},"content":{"rendered":"","protected":false},"excerpt":{"rendered":"","protected":false},"author":4,"featured_media":0,"parent":0,"menu_order":0,"comment_status":"closed","ping_status":"closed","template":"","meta":{"rop_custom_images_group":[],"rop_custom_messages_group":[],"rop_publish_now":"initial","rop_publish_now_accounts":[],"rop_publish_now_history":[],"rop_publish_now_status":"pending","footnotes":"","_links_to":"","_links_to_target":""},"class_list":["post-651","page","type-page","status-publish","hentry"],"yoast_head":"<!-- This site is optimized with the Yoast SEO plugin v25.8 - https:\/\/yoast.com\/wordpress\/plugins\/seo\/ -->\n<title>Demander un article - Blog de La MarkeTeam<\/title>\n<meta name=\"description\" content=\"Cher lecteur, Rencontrez-vous un probl\u00e8me qui vous emp\u00eache de vous lancer ou de faire d\u00e9coller votre activit\u00e9 sur le web\u00a0? Si c\u2019est le cas et qu\u2019il n\u2019y a\" \/>\n<meta name=\"robots\" content=\"index, follow, max-snippet:-1, max-image-preview:large, max-video-preview:-1\" \/>\n<link rel=\"canonical\" href=\"https:\/\/www.lamarketeam.com\/blog\/demander-un-article\/\" \/>\n<meta name=\"twitter:label1\" content=\"Dur\u00e9e de lecture estim\u00e9e\" \/>\n\t<meta name=\"twitter:data1\" content=\"1 minute\" \/>\n<script type=\"application\/ld+json\" class=\"yoast-schema-graph\">{\"@context\":\"https:\/\/schema.org\",\"@graph\":[{\"@type\":\"WebPage\",\"@id\":\"https:\/\/www.lamarketeam.com\/blog\/demander-un-article\/\",\"url\":\"https:\/\/www.lamarketeam.com\/blog\/demander-un-article\/\",\"name\":\"Demander un article - Blog de La MarkeTeam\",\"isPartOf\":{\"@id\":\"https:\/\/www.lamarketeam.com\/blog\/#website\"},\"datePublished\":\"2012-09-26T12:43:03+00:00\",\"dateModified\":\"2013-04-27T13:30:08+00:00\",\"description\":\"Cher lecteur, Rencontrez-vous un probl\u00e8me qui vous emp\u00eache de vous lancer ou de faire d\u00e9coller votre activit\u00e9 sur le web\u00a0? Si c\u2019est le cas et qu\u2019il n\u2019y a\",\"breadcrumb\":{\"@id\":\"https:\/\/www.lamarketeam.com\/blog\/demander-un-article\/#breadcrumb\"},\"inLanguage\":\"fr-FR\",\"potentialAction\":[{\"@type\":\"ReadAction\",\"target\":[\"https:\/\/www.lamarketeam.com\/blog\/demander-un-article\/\"]}]},{\"@type\":\"BreadcrumbList\",\"@id\":\"https:\/\/www.lamarketeam.com\/blog\/demander-un-article\/#breadcrumb\",\"itemListElement\":[{\"@type\":\"ListItem\",\"position\":1,\"name\":\"La MarkeTeam\",\"item\":\"https:\/\/www.lamarketeam.com\/blog\/\"},{\"@type\":\"ListItem\",\"position\":2,\"name\":\"Demander un article\"}]},{\"@type\":\"WebSite\",\"@id\":\"https:\/\/www.lamarketeam.com\/blog\/#website\",\"url\":\"https:\/\/www.lamarketeam.com\/blog\/\",\"name\":\"Blog de La MarkeTeam\",\"description\":\"Une \u00e9quipe de passionn\u00e9s pour booster vos r\u00e9sultats sur internet.\",\"potentialAction\":[{\"@type\":\"SearchAction\",\"target\":{\"@type\":\"EntryPoint\",\"urlTemplate\":\"https:\/\/www.lamarketeam.com\/blog\/?s={search_term_string}\"},\"query-input\":{\"@type\":\"PropertyValueSpecification\",\"valueRequired\":true,\"valueName\":\"search_term_string\"}}],\"inLanguage\":\"fr-FR\"}]}<\/script>\n<!-- \/ Yoast SEO plugin. -->","yoast_head_json":{"title":"Demander un article - Blog de La MarkeTeam","description":"Cher lecteur, Rencontrez-vous un probl\u00e8me qui vous emp\u00eache de vous lancer ou de faire d\u00e9coller votre activit\u00e9 sur le web\u00a0? Si c\u2019est le cas et qu\u2019il n\u2019y a","robots":{"index":"index","follow":"follow","max-snippet":"max-snippet:-1","max-image-preview":"max-image-preview:large","max-video-preview":"max-video-preview:-1"},"canonical":"https:\/\/www.lamarketeam.com\/blog\/demander-un-article\/","twitter_misc":{"Dur\u00e9e de lecture estim\u00e9e":"1 minute"},"schema":{"@context":"https:\/\/schema.org","@graph":[{"@type":"WebPage","@id":"https:\/\/www.lamarketeam.com\/blog\/demander-un-article\/","url":"https:\/\/www.lamarketeam.com\/blog\/demander-un-article\/","name":"Demander un article - Blog de La MarkeTeam","isPartOf":{"@id":"https:\/\/www.lamarketeam.com\/blog\/#website"},"datePublished":"2012-09-26T12:43:03+00:00","dateModified":"2013-04-27T13:30:08+00:00","description":"Cher lecteur, Rencontrez-vous un probl\u00e8me qui vous emp\u00eache de vous lancer ou de faire d\u00e9coller votre activit\u00e9 sur le web\u00a0? Si c\u2019est le cas et qu\u2019il n\u2019y a","breadcrumb":{"@id":"https:\/\/www.lamarketeam.com\/blog\/demander-un-article\/#breadcrumb"},"inLanguage":"fr-FR","potentialAction":[{"@type":"ReadAction","target":["https:\/\/www.lamarketeam.com\/blog\/demander-un-article\/"]}]},{"@type":"BreadcrumbList","@id":"https:\/\/www.lamarketeam.com\/blog\/demander-un-article\/#breadcrumb","itemListElement":[{"@type":"ListItem","position":1,"name":"La MarkeTeam","item":"https:\/\/www.lamarketeam.com\/blog\/"},{"@type":"ListItem","position":2,"name":"Demander un article"}]},{"@type":"WebSite","@id":"https:\/\/www.lamarketeam.com\/blog\/#website","url":"https:\/\/www.lamarketeam.com\/blog\/","name":"Blog de La MarkeTeam","description":"Une \u00e9quipe de passionn\u00e9s pour booster vos r\u00e9sultats sur internet.","potentialAction":[{"@type":"SearchAction","target":{"@type":"EntryPoint","urlTemplate":"https:\/\/www.lamarketeam.com\/blog\/?s={search_term_string}"},"query-input":{"@type":"PropertyValueSpecification","valueRequired":true,"valueName":"search_term_string"}}],"inLanguage":"fr-FR"}]}},"_links":{"self":[{"href":"https:\/\/www.lamarketeam.com\/blog\/wp-json\/wp\/v2\/pages\/651","targetHints":{"allow":["GET"]}}],"collection":[{"href":"https:\/\/www.lamarketeam.com\/blog\/wp-json\/wp\/v2\/pages"}],"about":[{"href":"https:\/\/www.lamarketeam.com\/blog\/wp-json\/wp\/v2\/types\/page"}],"author":[{"embeddable":true,"href":"https:\/\/www.lamarketeam.com\/blog\/wp-json\/wp\/v2\/users\/4"}],"replies":[{"embeddable":true,"href":"https:\/\/www.lamarketeam.com\/blog\/wp-json\/wp\/v2\/comments?post=651"}],"version-history":[{"count":9,"href":"https:\/\/www.lamarketeam.com\/blog\/wp-json\/wp\/v2\/pages\/651\/revisions"}],"predecessor-version":[{"id":657,"href":"https:\/\/www.lamarketeam.com\/blog\/wp-json\/wp\/v2\/pages\/651\/revisions\/657"}],"wp:attachment":[{"href":"https:\/\/www.lamarketeam.com\/blog\/wp-json\/wp\/v2\/media?parent=651"}],"curies":[{"name":"wp","href":"https:\/\/api.w.org\/{rel}","templated":true}]}}