{"id":635,"date":"2012-09-25T11:29:41","date_gmt":"2012-09-25T09:29:41","guid":{"rendered":"http:\/\/www.lamarketeam.com\/blog\/?page_id=635"},"modified":"2012-11-27T11:23:35","modified_gmt":"2012-11-27T10:23:35","slug":"fidelisation","status":"publish","type":"page","link":"https:\/\/www.lamarketeam.com\/blog\/fidelisation\/","title":{"rendered":"Fid\u00e9lisation"},"content":{"rendered":"","protected":false},"excerpt":{"rendered":"","protected":false},"author":4,"featured_media":0,"parent":0,"menu_order":0,"comment_status":"closed","ping_status":"closed","template":"","meta":{"rop_custom_images_group":[],"rop_custom_messages_group":[],"rop_publish_now":"initial","rop_publish_now_accounts":[],"rop_publish_now_history":[],"rop_publish_now_status":"pending","footnotes":"","_links_to":"","_links_to_target":""},"class_list":["post-635","page","type-page","status-publish","hentry"],"yoast_head":"<!-- This site is optimized with the Yoast SEO plugin v25.8 - https:\/\/yoast.com\/wordpress\/plugins\/seo\/ -->\n<title>Fid\u00e9lisation - Blog de La MarkeTeam<\/title>\n<meta name=\"description\" content=\"E-mailing\u00a0 Marketing par email : Comment \u00e9crire des emails remarquables  &nbsp; Blog 7 techniques pour rendre la lecture de vos articles irr\u00e9sistible\" \/>\n<meta name=\"robots\" content=\"index, follow, max-snippet:-1, max-image-preview:large, max-video-preview:-1\" \/>\n<link rel=\"canonical\" href=\"https:\/\/www.lamarketeam.com\/blog\/fidelisation\/\" \/>\n<script type=\"application\/ld+json\" class=\"yoast-schema-graph\">{\"@context\":\"https:\/\/schema.org\",\"@graph\":[{\"@type\":\"WebPage\",\"@id\":\"https:\/\/www.lamarketeam.com\/blog\/fidelisation\/\",\"url\":\"https:\/\/www.lamarketeam.com\/blog\/fidelisation\/\",\"name\":\"Fid\u00e9lisation - Blog de La MarkeTeam\",\"isPartOf\":{\"@id\":\"https:\/\/www.lamarketeam.com\/blog\/#website\"},\"datePublished\":\"2012-09-25T09:29:41+00:00\",\"dateModified\":\"2012-11-27T10:23:35+00:00\",\"description\":\"E-mailing\u00a0 Marketing par email : Comment \u00e9crire des emails remarquables &nbsp; Blog 7 techniques pour rendre la lecture de vos articles irr\u00e9sistible\",\"breadcrumb\":{\"@id\":\"https:\/\/www.lamarketeam.com\/blog\/fidelisation\/#breadcrumb\"},\"inLanguage\":\"fr-FR\",\"potentialAction\":[{\"@type\":\"ReadAction\",\"target\":[\"https:\/\/www.lamarketeam.com\/blog\/fidelisation\/\"]}]},{\"@type\":\"BreadcrumbList\",\"@id\":\"https:\/\/www.lamarketeam.com\/blog\/fidelisation\/#breadcrumb\",\"itemListElement\":[{\"@type\":\"ListItem\",\"position\":1,\"name\":\"La MarkeTeam\",\"item\":\"https:\/\/www.lamarketeam.com\/blog\/\"},{\"@type\":\"ListItem\",\"position\":2,\"name\":\"Fid\u00e9lisation\"}]},{\"@type\":\"WebSite\",\"@id\":\"https:\/\/www.lamarketeam.com\/blog\/#website\",\"url\":\"https:\/\/www.lamarketeam.com\/blog\/\",\"name\":\"Blog de La MarkeTeam\",\"description\":\"Une \u00e9quipe de passionn\u00e9s pour booster vos r\u00e9sultats sur internet.\",\"potentialAction\":[{\"@type\":\"SearchAction\",\"target\":{\"@type\":\"EntryPoint\",\"urlTemplate\":\"https:\/\/www.lamarketeam.com\/blog\/?s={search_term_string}\"},\"query-input\":{\"@type\":\"PropertyValueSpecification\",\"valueRequired\":true,\"valueName\":\"search_term_string\"}}],\"inLanguage\":\"fr-FR\"}]}<\/script>\n<!-- \/ Yoast SEO plugin. -->","yoast_head_json":{"title":"Fid\u00e9lisation - Blog de La MarkeTeam","description":"E-mailing\u00a0 Marketing par email : Comment \u00e9crire des emails remarquables  &nbsp; Blog 7 techniques pour rendre la lecture de vos articles irr\u00e9sistible","robots":{"index":"index","follow":"follow","max-snippet":"max-snippet:-1","max-image-preview":"max-image-preview:large","max-video-preview":"max-video-preview:-1"},"canonical":"https:\/\/www.lamarketeam.com\/blog\/fidelisation\/","schema":{"@context":"https:\/\/schema.org","@graph":[{"@type":"WebPage","@id":"https:\/\/www.lamarketeam.com\/blog\/fidelisation\/","url":"https:\/\/www.lamarketeam.com\/blog\/fidelisation\/","name":"Fid\u00e9lisation - Blog de La MarkeTeam","isPartOf":{"@id":"https:\/\/www.lamarketeam.com\/blog\/#website"},"datePublished":"2012-09-25T09:29:41+00:00","dateModified":"2012-11-27T10:23:35+00:00","description":"E-mailing\u00a0 Marketing par email : Comment \u00e9crire des emails remarquables &nbsp; Blog 7 techniques pour rendre la lecture de vos articles irr\u00e9sistible","breadcrumb":{"@id":"https:\/\/www.lamarketeam.com\/blog\/fidelisation\/#breadcrumb"},"inLanguage":"fr-FR","potentialAction":[{"@type":"ReadAction","target":["https:\/\/www.lamarketeam.com\/blog\/fidelisation\/"]}]},{"@type":"BreadcrumbList","@id":"https:\/\/www.lamarketeam.com\/blog\/fidelisation\/#breadcrumb","itemListElement":[{"@type":"ListItem","position":1,"name":"La MarkeTeam","item":"https:\/\/www.lamarketeam.com\/blog\/"},{"@type":"ListItem","position":2,"name":"Fid\u00e9lisation"}]},{"@type":"WebSite","@id":"https:\/\/www.lamarketeam.com\/blog\/#website","url":"https:\/\/www.lamarketeam.com\/blog\/","name":"Blog de La MarkeTeam","description":"Une \u00e9quipe de passionn\u00e9s pour booster vos r\u00e9sultats sur internet.","potentialAction":[{"@type":"SearchAction","target":{"@type":"EntryPoint","urlTemplate":"https:\/\/www.lamarketeam.com\/blog\/?s={search_term_string}"},"query-input":{"@type":"PropertyValueSpecification","valueRequired":true,"valueName":"search_term_string"}}],"inLanguage":"fr-FR"}]}},"_links":{"self":[{"href":"https:\/\/www.lamarketeam.com\/blog\/wp-json\/wp\/v2\/pages\/635","targetHints":{"allow":["GET"]}}],"collection":[{"href":"https:\/\/www.lamarketeam.com\/blog\/wp-json\/wp\/v2\/pages"}],"about":[{"href":"https:\/\/www.lamarketeam.com\/blog\/wp-json\/wp\/v2\/types\/page"}],"author":[{"embeddable":true,"href":"https:\/\/www.lamarketeam.com\/blog\/wp-json\/wp\/v2\/users\/4"}],"replies":[{"embeddable":true,"href":"https:\/\/www.lamarketeam.com\/blog\/wp-json\/wp\/v2\/comments?post=635"}],"version-history":[{"count":6,"href":"https:\/\/www.lamarketeam.com\/blog\/wp-json\/wp\/v2\/pages\/635\/revisions"}],"predecessor-version":[{"id":974,"href":"https:\/\/www.lamarketeam.com\/blog\/wp-json\/wp\/v2\/pages\/635\/revisions\/974"}],"wp:attachment":[{"href":"https:\/\/www.lamarketeam.com\/blog\/wp-json\/wp\/v2\/media?parent=635"}],"curies":[{"name":"wp","href":"https:\/\/api.w.org\/{rel}","templated":true}]}}