{"id":523,"date":"2012-08-22T12:55:43","date_gmt":"2012-08-22T10:55:43","guid":{"rendered":"http:\/\/www.lamarketeam.com\/blog\/?page_id=523"},"modified":"2012-11-27T11:26:33","modified_gmt":"2012-11-27T10:26:33","slug":"marketing","status":"publish","type":"page","link":"https:\/\/www.lamarketeam.com\/blog\/marketing\/","title":{"rendered":"Marketing"},"content":{"rendered":"","protected":false},"excerpt":{"rendered":"","protected":false},"author":4,"featured_media":0,"parent":0,"menu_order":0,"comment_status":"closed","ping_status":"closed","template":"","meta":{"rop_custom_images_group":[],"rop_custom_messages_group":[],"rop_publish_now":"initial","rop_publish_now_accounts":[],"rop_publish_now_history":[],"rop_publish_now_status":"pending","footnotes":"","_links_to":"","_links_to_target":""},"class_list":["post-523","page","type-page","status-publish","hentry"],"yoast_head":"<!-- This site is optimized with the Yoast SEO plugin v25.8 - https:\/\/yoast.com\/wordpress\/plugins\/seo\/ -->\n<title>Marketing - Blog de La MarkeTeam<\/title>\n<meta name=\"description\" content=\"Les strat\u00e9gies marketing Interview exceptionnelle : l&#039;ingr\u00e9dient qui fait la diff\u00e9rence entre l&#039;\u00e9chec et le succ\u00e8s Etude de cas : les 6 \u00e9tapes pour\" \/>\n<meta name=\"robots\" content=\"index, follow, max-snippet:-1, max-image-preview:large, max-video-preview:-1\" \/>\n<link rel=\"canonical\" href=\"https:\/\/www.lamarketeam.com\/blog\/marketing\/\" \/>\n<script type=\"application\/ld+json\" class=\"yoast-schema-graph\">{\"@context\":\"https:\/\/schema.org\",\"@graph\":[{\"@type\":\"WebPage\",\"@id\":\"https:\/\/www.lamarketeam.com\/blog\/marketing\/\",\"url\":\"https:\/\/www.lamarketeam.com\/blog\/marketing\/\",\"name\":\"Marketing - Blog de La MarkeTeam\",\"isPartOf\":{\"@id\":\"https:\/\/www.lamarketeam.com\/blog\/#website\"},\"datePublished\":\"2012-08-22T10:55:43+00:00\",\"dateModified\":\"2012-11-27T10:26:33+00:00\",\"description\":\"Les strat\u00e9gies marketing Interview exceptionnelle : l'ingr\u00e9dient qui fait la diff\u00e9rence entre l'\u00e9chec et le succ\u00e8s Etude de cas : les 6 \u00e9tapes pour\",\"breadcrumb\":{\"@id\":\"https:\/\/www.lamarketeam.com\/blog\/marketing\/#breadcrumb\"},\"inLanguage\":\"fr-FR\",\"potentialAction\":[{\"@type\":\"ReadAction\",\"target\":[\"https:\/\/www.lamarketeam.com\/blog\/marketing\/\"]}]},{\"@type\":\"BreadcrumbList\",\"@id\":\"https:\/\/www.lamarketeam.com\/blog\/marketing\/#breadcrumb\",\"itemListElement\":[{\"@type\":\"ListItem\",\"position\":1,\"name\":\"La MarkeTeam\",\"item\":\"https:\/\/www.lamarketeam.com\/blog\/\"},{\"@type\":\"ListItem\",\"position\":2,\"name\":\"Marketing\"}]},{\"@type\":\"WebSite\",\"@id\":\"https:\/\/www.lamarketeam.com\/blog\/#website\",\"url\":\"https:\/\/www.lamarketeam.com\/blog\/\",\"name\":\"Blog de La MarkeTeam\",\"description\":\"Une \u00e9quipe de passionn\u00e9s pour booster vos r\u00e9sultats sur internet.\",\"potentialAction\":[{\"@type\":\"SearchAction\",\"target\":{\"@type\":\"EntryPoint\",\"urlTemplate\":\"https:\/\/www.lamarketeam.com\/blog\/?s={search_term_string}\"},\"query-input\":{\"@type\":\"PropertyValueSpecification\",\"valueRequired\":true,\"valueName\":\"search_term_string\"}}],\"inLanguage\":\"fr-FR\"}]}<\/script>\n<!-- \/ Yoast SEO plugin. -->","yoast_head_json":{"title":"Marketing - Blog de La MarkeTeam","description":"Les strat\u00e9gies marketing Interview exceptionnelle : l'ingr\u00e9dient qui fait la diff\u00e9rence entre l'\u00e9chec et le succ\u00e8s Etude de cas : les 6 \u00e9tapes pour","robots":{"index":"index","follow":"follow","max-snippet":"max-snippet:-1","max-image-preview":"max-image-preview:large","max-video-preview":"max-video-preview:-1"},"canonical":"https:\/\/www.lamarketeam.com\/blog\/marketing\/","schema":{"@context":"https:\/\/schema.org","@graph":[{"@type":"WebPage","@id":"https:\/\/www.lamarketeam.com\/blog\/marketing\/","url":"https:\/\/www.lamarketeam.com\/blog\/marketing\/","name":"Marketing - Blog de La MarkeTeam","isPartOf":{"@id":"https:\/\/www.lamarketeam.com\/blog\/#website"},"datePublished":"2012-08-22T10:55:43+00:00","dateModified":"2012-11-27T10:26:33+00:00","description":"Les strat\u00e9gies marketing Interview exceptionnelle : l'ingr\u00e9dient qui fait la diff\u00e9rence entre l'\u00e9chec et le succ\u00e8s Etude de cas : les 6 \u00e9tapes pour","breadcrumb":{"@id":"https:\/\/www.lamarketeam.com\/blog\/marketing\/#breadcrumb"},"inLanguage":"fr-FR","potentialAction":[{"@type":"ReadAction","target":["https:\/\/www.lamarketeam.com\/blog\/marketing\/"]}]},{"@type":"BreadcrumbList","@id":"https:\/\/www.lamarketeam.com\/blog\/marketing\/#breadcrumb","itemListElement":[{"@type":"ListItem","position":1,"name":"La MarkeTeam","item":"https:\/\/www.lamarketeam.com\/blog\/"},{"@type":"ListItem","position":2,"name":"Marketing"}]},{"@type":"WebSite","@id":"https:\/\/www.lamarketeam.com\/blog\/#website","url":"https:\/\/www.lamarketeam.com\/blog\/","name":"Blog de La MarkeTeam","description":"Une \u00e9quipe de passionn\u00e9s pour booster vos r\u00e9sultats sur internet.","potentialAction":[{"@type":"SearchAction","target":{"@type":"EntryPoint","urlTemplate":"https:\/\/www.lamarketeam.com\/blog\/?s={search_term_string}"},"query-input":{"@type":"PropertyValueSpecification","valueRequired":true,"valueName":"search_term_string"}}],"inLanguage":"fr-FR"}]}},"_links":{"self":[{"href":"https:\/\/www.lamarketeam.com\/blog\/wp-json\/wp\/v2\/pages\/523","targetHints":{"allow":["GET"]}}],"collection":[{"href":"https:\/\/www.lamarketeam.com\/blog\/wp-json\/wp\/v2\/pages"}],"about":[{"href":"https:\/\/www.lamarketeam.com\/blog\/wp-json\/wp\/v2\/types\/page"}],"author":[{"embeddable":true,"href":"https:\/\/www.lamarketeam.com\/blog\/wp-json\/wp\/v2\/users\/4"}],"replies":[{"embeddable":true,"href":"https:\/\/www.lamarketeam.com\/blog\/wp-json\/wp\/v2\/comments?post=523"}],"version-history":[{"count":7,"href":"https:\/\/www.lamarketeam.com\/blog\/wp-json\/wp\/v2\/pages\/523\/revisions"}],"predecessor-version":[{"id":526,"href":"https:\/\/www.lamarketeam.com\/blog\/wp-json\/wp\/v2\/pages\/523\/revisions\/526"}],"wp:attachment":[{"href":"https:\/\/www.lamarketeam.com\/blog\/wp-json\/wp\/v2\/media?parent=523"}],"curies":[{"name":"wp","href":"https:\/\/api.w.org\/{rel}","templated":true}]}}