{"id":1785,"date":"2014-04-02T15:23:54","date_gmt":"2014-04-02T13:23:54","guid":{"rendered":"http:\/\/www.lamarketeam.com\/blog\/?page_id=1785"},"modified":"2014-04-02T15:59:48","modified_gmt":"2014-04-02T13:59:48","slug":"offre-mots-cles","status":"publish","type":"page","link":"https:\/\/www.lamarketeam.com\/blog\/offre-mots-cles\/","title":{"rendered":"Offre mots-cl\u00e9s"},"content":{"rendered":"","protected":false},"excerpt":{"rendered":"","protected":false},"author":4,"featured_media":0,"parent":0,"menu_order":0,"comment_status":"open","ping_status":"open","template":"template-fullwidth-no-menu.php","meta":{"rop_custom_images_group":[],"rop_custom_messages_group":[],"rop_publish_now":"initial","rop_publish_now_accounts":[],"rop_publish_now_history":[],"rop_publish_now_status":"pending","footnotes":"","_links_to":"","_links_to_target":""},"class_list":["post-1785","page","type-page","status-publish","hentry"],"yoast_head":"<!-- This site is optimized with the Yoast SEO plugin v25.8 - https:\/\/yoast.com\/wordpress\/plugins\/seo\/ -->\n<title>Offre mots-cl\u00e9s - Blog de La MarkeTeam<\/title>\n<meta name=\"description\" content=\"Test d&#039;int\u00e9gration shopping cart :\" \/>\n<meta name=\"robots\" content=\"index, follow, max-snippet:-1, max-image-preview:large, max-video-preview:-1\" \/>\n<link rel=\"canonical\" href=\"https:\/\/www.lamarketeam.com\/blog\/offre-mots-cles\/\" \/>\n<script type=\"application\/ld+json\" class=\"yoast-schema-graph\">{\"@context\":\"https:\/\/schema.org\",\"@graph\":[{\"@type\":\"WebPage\",\"@id\":\"https:\/\/www.lamarketeam.com\/blog\/offre-mots-cles\/\",\"url\":\"https:\/\/www.lamarketeam.com\/blog\/offre-mots-cles\/\",\"name\":\"Offre mots-cl\u00e9s - Blog de La MarkeTeam\",\"isPartOf\":{\"@id\":\"https:\/\/www.lamarketeam.com\/blog\/#website\"},\"datePublished\":\"2014-04-02T13:23:54+00:00\",\"dateModified\":\"2014-04-02T13:59:48+00:00\",\"description\":\"Test d'int\u00e9gration shopping cart :\",\"breadcrumb\":{\"@id\":\"https:\/\/www.lamarketeam.com\/blog\/offre-mots-cles\/#breadcrumb\"},\"inLanguage\":\"fr-FR\",\"potentialAction\":[{\"@type\":\"ReadAction\",\"target\":[\"https:\/\/www.lamarketeam.com\/blog\/offre-mots-cles\/\"]}]},{\"@type\":\"BreadcrumbList\",\"@id\":\"https:\/\/www.lamarketeam.com\/blog\/offre-mots-cles\/#breadcrumb\",\"itemListElement\":[{\"@type\":\"ListItem\",\"position\":1,\"name\":\"La MarkeTeam\",\"item\":\"https:\/\/www.lamarketeam.com\/blog\/\"},{\"@type\":\"ListItem\",\"position\":2,\"name\":\"Offre mots-cl\u00e9s\"}]},{\"@type\":\"WebSite\",\"@id\":\"https:\/\/www.lamarketeam.com\/blog\/#website\",\"url\":\"https:\/\/www.lamarketeam.com\/blog\/\",\"name\":\"Blog de La MarkeTeam\",\"description\":\"Une \u00e9quipe de passionn\u00e9s pour booster vos r\u00e9sultats sur internet.\",\"potentialAction\":[{\"@type\":\"SearchAction\",\"target\":{\"@type\":\"EntryPoint\",\"urlTemplate\":\"https:\/\/www.lamarketeam.com\/blog\/?s={search_term_string}\"},\"query-input\":{\"@type\":\"PropertyValueSpecification\",\"valueRequired\":true,\"valueName\":\"search_term_string\"}}],\"inLanguage\":\"fr-FR\"}]}<\/script>\n<!-- \/ Yoast SEO plugin. -->","yoast_head_json":{"title":"Offre mots-cl\u00e9s - Blog de La MarkeTeam","description":"Test d'int\u00e9gration shopping cart :","robots":{"index":"index","follow":"follow","max-snippet":"max-snippet:-1","max-image-preview":"max-image-preview:large","max-video-preview":"max-video-preview:-1"},"canonical":"https:\/\/www.lamarketeam.com\/blog\/offre-mots-cles\/","schema":{"@context":"https:\/\/schema.org","@graph":[{"@type":"WebPage","@id":"https:\/\/www.lamarketeam.com\/blog\/offre-mots-cles\/","url":"https:\/\/www.lamarketeam.com\/blog\/offre-mots-cles\/","name":"Offre mots-cl\u00e9s - Blog de La MarkeTeam","isPartOf":{"@id":"https:\/\/www.lamarketeam.com\/blog\/#website"},"datePublished":"2014-04-02T13:23:54+00:00","dateModified":"2014-04-02T13:59:48+00:00","description":"Test d'int\u00e9gration shopping cart :","breadcrumb":{"@id":"https:\/\/www.lamarketeam.com\/blog\/offre-mots-cles\/#breadcrumb"},"inLanguage":"fr-FR","potentialAction":[{"@type":"ReadAction","target":["https:\/\/www.lamarketeam.com\/blog\/offre-mots-cles\/"]}]},{"@type":"BreadcrumbList","@id":"https:\/\/www.lamarketeam.com\/blog\/offre-mots-cles\/#breadcrumb","itemListElement":[{"@type":"ListItem","position":1,"name":"La MarkeTeam","item":"https:\/\/www.lamarketeam.com\/blog\/"},{"@type":"ListItem","position":2,"name":"Offre mots-cl\u00e9s"}]},{"@type":"WebSite","@id":"https:\/\/www.lamarketeam.com\/blog\/#website","url":"https:\/\/www.lamarketeam.com\/blog\/","name":"Blog de La MarkeTeam","description":"Une \u00e9quipe de passionn\u00e9s pour booster vos r\u00e9sultats sur internet.","potentialAction":[{"@type":"SearchAction","target":{"@type":"EntryPoint","urlTemplate":"https:\/\/www.lamarketeam.com\/blog\/?s={search_term_string}"},"query-input":{"@type":"PropertyValueSpecification","valueRequired":true,"valueName":"search_term_string"}}],"inLanguage":"fr-FR"}]}},"_links":{"self":[{"href":"https:\/\/www.lamarketeam.com\/blog\/wp-json\/wp\/v2\/pages\/1785","targetHints":{"allow":["GET"]}}],"collection":[{"href":"https:\/\/www.lamarketeam.com\/blog\/wp-json\/wp\/v2\/pages"}],"about":[{"href":"https:\/\/www.lamarketeam.com\/blog\/wp-json\/wp\/v2\/types\/page"}],"author":[{"embeddable":true,"href":"https:\/\/www.lamarketeam.com\/blog\/wp-json\/wp\/v2\/users\/4"}],"replies":[{"embeddable":true,"href":"https:\/\/www.lamarketeam.com\/blog\/wp-json\/wp\/v2\/comments?post=1785"}],"version-history":[{"count":3,"href":"https:\/\/www.lamarketeam.com\/blog\/wp-json\/wp\/v2\/pages\/1785\/revisions"}],"predecessor-version":[{"id":1788,"href":"https:\/\/www.lamarketeam.com\/blog\/wp-json\/wp\/v2\/pages\/1785\/revisions\/1788"}],"wp:attachment":[{"href":"https:\/\/www.lamarketeam.com\/blog\/wp-json\/wp\/v2\/media?parent=1785"}],"curies":[{"name":"wp","href":"https:\/\/api.w.org\/{rel}","templated":true}]}}